{"id":21371,"date":"2025-11-07T10:36:50","date_gmt":"2025-11-07T10:36:50","guid":{"rendered":"https:\/\/www.pascalcatel.com\/photos\/?page_id=21371"},"modified":"2025-11-08T10:22:26","modified_gmt":"2025-11-08T10:22:26","slug":"japon-2025-2","status":"publish","type":"page","link":"https:\/\/www.pascalcatel.com\/photos\/?page_id=21371","title":{"rendered":"Japon 2025"},"content":{"rendered":"<style>.kb-posts-id-21371_d4fe97-a0 .kb-post-list-item{display:grid;}<\/style><ul class=\"wp-block-kadence-posts kb-posts kadence-posts-list kb-posts-id-21371_d4fe97-a0 content-wrap grid-cols kb-posts-style-boxed grid-sm-col-2 grid-lg-col-3 item-image-style-above\"><li class=\"kb-post-list-item\">\n\t<article class=\"entry content-bg loop-entry post-21335 post type-post status-publish format-standard has-post-thumbnail hentry category-voyages tag-japon\">\n\t\t\t\t<a aria-hidden=\"true\" tabindex=\"-1\" role=\"presentation\" class=\"post-thumbnail kadence-thumbnail-ratio-2-3\" href=\"https:\/\/www.pascalcatel.com\/photos\/?p=21335\" aria-label=\"TOKYO D 2025\">\n\t\t\t<div class=\"post-thumbnail-inner\">\n\t\t\t\t<img loading=\"lazy\" decoding=\"async\" width=\"640\" height=\"480\" src=\"https:\/\/www.pascalcatel.com\/photos\/wp-content\/uploads\/20251026_110513-768x576.jpg\" class=\"attachment-medium_large size-medium_large wp-post-image\" alt=\"TOKYO D 2025\" srcset=\"https:\/\/www.pascalcatel.com\/photos\/wp-content\/uploads\/20251026_110513-768x576.jpg 768w, https:\/\/www.pascalcatel.com\/photos\/wp-content\/uploads\/20251026_110513-300x225.jpg 300w, https:\/\/www.pascalcatel.com\/photos\/wp-content\/uploads\/20251026_110513-1024x768.jpg 1024w, https:\/\/www.pascalcatel.com\/photos\/wp-content\/uploads\/20251026_110513-1536x1152.jpg 1536w, https:\/\/www.pascalcatel.com\/photos\/wp-content\/uploads\/20251026_110513.jpg 2000w\" sizes=\"auto, (max-width: 640px) 100vw, 640px\" \/>\t\t\t<\/div>\n\t\t<\/a><!-- .post-thumbnail -->\n\t\t\t\t<div class=\"entry-content-wrap\">\n\t\t\t<header class=\"entry-header\">\n\t\t<div class=\"entry-taxonomies\">\n\t\t<span class=\"category-links term-links category-style-normal\">\n\t\t\t<a href=\"https:\/\/www.pascalcatel.com\/photos\/?cat=2\" rel=\"category\">Voyages<\/a>\t\t<\/span>\n\t<\/div><!-- .entry-taxonomies -->\n\t<h2 class=\"entry-title\"><a href=\"https:\/\/www.pascalcatel.com\/photos\/?p=21335\" rel=\"bookmark\">TOKYO D 2025<\/a><\/h2><\/header><!-- .entry-header -->\n\t<div class=\"entry-summary\">\n\t\t<p>Ce contenu n\u2019est accessible qu\u2019aux membres du site. Si vous \u00eates inscrit, veuillez vous connecter. Les nouveaux utilisateurs peuvent s&rsquo;inscrire ci-dessous.Connexion pour les utilisateurs enregistr\u00e9sIdentifiant ou e-mailMot de passe&nbsp;Se souvenir de moi&nbsp;&nbsp;Nouvel utilisateur\u00a0?Choisissez un Nom d\u2019utilisateur*Pr\u00e9nom*Nom*Adresse 1*Compl\u00e9ment d\u2019adresseVille*\u00c9tat*Code postal*Pays*T\u00e9l\u00e9phone professionnel*Courriel**Champ requis<\/p>\n\t<\/div><!-- .entry-summary -->\n\t<footer class=\"entry-footer\">\n\t\t\t<div class=\"entry-actions\">\n\t\t\t<p class=\"more-link-wrap\">\n\t\t\t\t<a href=\"https:\/\/www.pascalcatel.com\/photos\/?p=21335\" class=\"post-more-link\">\n\t\t\t\t\tLire la suite<span class=\"screen-reader-text\"> TOKYO D 2025<\/span><span class=\"kadence-svg-iconset svg-baseline\"><svg aria-hidden=\"true\" class=\"kadence-svg-icon kadence-arrow-right-alt-svg\" fill=\"currentColor\" version=\"1.1\" xmlns=\"http:\/\/www.w3.org\/2000\/svg\" width=\"27\" height=\"28\" viewBox=\"0 0 27 28\"><title>Continuer<\/title><path d=\"M27 13.953c0 0.141-0.063 0.281-0.156 0.375l-6 5.531c-0.156 0.141-0.359 0.172-0.547 0.094-0.172-0.078-0.297-0.25-0.297-0.453v-3.5h-19.5c-0.281 0-0.5-0.219-0.5-0.5v-3c0-0.281 0.219-0.5 0.5-0.5h19.5v-3.5c0-0.203 0.109-0.375 0.297-0.453s0.391-0.047 0.547 0.078l6 5.469c0.094 0.094 0.156 0.219 0.156 0.359v0z\"><\/path>\n\t\t\t<\/svg><\/span>\t\t\t\t<\/a>\n\t\t\t<\/p>\n\t\t<\/div><!-- .entry-actions -->\n\t\t<\/footer><!-- .entry-footer -->\t\t<\/div>\n\t<\/article>\n<\/li>\n<li class=\"kb-post-list-item\">\n\t<article class=\"entry content-bg loop-entry post-21209 post type-post status-publish format-standard has-post-thumbnail hentry category-voyages tag-japon\">\n\t\t\t\t<a aria-hidden=\"true\" tabindex=\"-1\" role=\"presentation\" class=\"post-thumbnail kadence-thumbnail-ratio-2-3\" href=\"https:\/\/www.pascalcatel.com\/photos\/?p=21209\" aria-label=\"TOKYO A 2025\">\n\t\t\t<div class=\"post-thumbnail-inner\">\n\t\t\t\t<img loading=\"lazy\" decoding=\"async\" width=\"640\" height=\"853\" src=\"https:\/\/www.pascalcatel.com\/photos\/wp-content\/uploads\/20251014_140735-768x1024.jpg\" class=\"attachment-medium_large size-medium_large wp-post-image\" alt=\"TOKYO A 2025\" srcset=\"https:\/\/www.pascalcatel.com\/photos\/wp-content\/uploads\/20251014_140735-768x1024.jpg 768w, https:\/\/www.pascalcatel.com\/photos\/wp-content\/uploads\/20251014_140735-225x300.jpg 225w, https:\/\/www.pascalcatel.com\/photos\/wp-content\/uploads\/20251014_140735-1152x1536.jpg 1152w, https:\/\/www.pascalcatel.com\/photos\/wp-content\/uploads\/20251014_140735-rotated.jpg 1500w\" sizes=\"auto, (max-width: 640px) 100vw, 640px\" \/>\t\t\t<\/div>\n\t\t<\/a><!-- .post-thumbnail -->\n\t\t\t\t<div class=\"entry-content-wrap\">\n\t\t\t<header class=\"entry-header\">\n\t\t<div class=\"entry-taxonomies\">\n\t\t<span class=\"category-links term-links category-style-normal\">\n\t\t\t<a href=\"https:\/\/www.pascalcatel.com\/photos\/?cat=2\" rel=\"category\">Voyages<\/a>\t\t<\/span>\n\t<\/div><!-- .entry-taxonomies -->\n\t<h2 class=\"entry-title\"><a href=\"https:\/\/www.pascalcatel.com\/photos\/?p=21209\" rel=\"bookmark\">TOKYO A 2025<\/a><\/h2><\/header><!-- .entry-header -->\n\t<div class=\"entry-summary\">\n\t\t<p>Ce contenu n\u2019est accessible qu\u2019aux membres du site. Si vous \u00eates inscrit, veuillez vous connecter. Les nouveaux utilisateurs peuvent s&rsquo;inscrire ci-dessous.Connexion pour les utilisateurs enregistr\u00e9sIdentifiant ou e-mailMot de passe&nbsp;Se souvenir de moi&nbsp;&nbsp;Nouvel utilisateur\u00a0?Choisissez un Nom d\u2019utilisateur*Pr\u00e9nom*Nom*Adresse 1*Compl\u00e9ment d\u2019adresseVille*\u00c9tat*Code postal*Pays*T\u00e9l\u00e9phone professionnel*Courriel**Champ requis<\/p>\n\t<\/div><!-- .entry-summary -->\n\t<footer class=\"entry-footer\">\n\t\t\t<div class=\"entry-actions\">\n\t\t\t<p class=\"more-link-wrap\">\n\t\t\t\t<a href=\"https:\/\/www.pascalcatel.com\/photos\/?p=21209\" class=\"post-more-link\">\n\t\t\t\t\tLire la suite<span class=\"screen-reader-text\"> TOKYO A 2025<\/span><span class=\"kadence-svg-iconset svg-baseline\"><svg aria-hidden=\"true\" class=\"kadence-svg-icon kadence-arrow-right-alt-svg\" fill=\"currentColor\" version=\"1.1\" xmlns=\"http:\/\/www.w3.org\/2000\/svg\" width=\"27\" height=\"28\" viewBox=\"0 0 27 28\"><title>Continuer<\/title><path d=\"M27 13.953c0 0.141-0.063 0.281-0.156 0.375l-6 5.531c-0.156 0.141-0.359 0.172-0.547 0.094-0.172-0.078-0.297-0.25-0.297-0.453v-3.5h-19.5c-0.281 0-0.5-0.219-0.5-0.5v-3c0-0.281 0.219-0.5 0.5-0.5h19.5v-3.5c0-0.203 0.109-0.375 0.297-0.453s0.391-0.047 0.547 0.078l6 5.469c0.094 0.094 0.156 0.219 0.156 0.359v0z\"><\/path>\n\t\t\t<\/svg><\/span>\t\t\t\t<\/a>\n\t\t\t<\/p>\n\t\t<\/div><!-- .entry-actions -->\n\t\t<\/footer><!-- .entry-footer -->\t\t<\/div>\n\t<\/article>\n<\/li>\n<li class=\"kb-post-list-item\">\n\t<article class=\"entry content-bg loop-entry post-21006 post type-post status-publish format-standard has-post-thumbnail hentry category-voyages tag-japon\">\n\t\t\t\t<a aria-hidden=\"true\" tabindex=\"-1\" role=\"presentation\" class=\"post-thumbnail kadence-thumbnail-ratio-2-3\" href=\"https:\/\/www.pascalcatel.com\/photos\/?p=21006\" aria-label=\"OSAKA 2025\">\n\t\t\t<div class=\"post-thumbnail-inner\">\n\t\t\t\t<img loading=\"lazy\" decoding=\"async\" width=\"640\" height=\"480\" src=\"https:\/\/www.pascalcatel.com\/photos\/wp-content\/uploads\/20251021_112536-768x576.jpg\" class=\"attachment-medium_large size-medium_large wp-post-image\" alt=\"OSAKA 2025\" srcset=\"https:\/\/www.pascalcatel.com\/photos\/wp-content\/uploads\/20251021_112536-768x576.jpg 768w, https:\/\/www.pascalcatel.com\/photos\/wp-content\/uploads\/20251021_112536-300x225.jpg 300w, https:\/\/www.pascalcatel.com\/photos\/wp-content\/uploads\/20251021_112536-1024x768.jpg 1024w, https:\/\/www.pascalcatel.com\/photos\/wp-content\/uploads\/20251021_112536-1536x1152.jpg 1536w, https:\/\/www.pascalcatel.com\/photos\/wp-content\/uploads\/20251021_112536.jpg 2000w\" sizes=\"auto, (max-width: 640px) 100vw, 640px\" \/>\t\t\t<\/div>\n\t\t<\/a><!-- .post-thumbnail -->\n\t\t\t\t<div class=\"entry-content-wrap\">\n\t\t\t<header class=\"entry-header\">\n\t\t<div class=\"entry-taxonomies\">\n\t\t<span class=\"category-links term-links category-style-normal\">\n\t\t\t<a href=\"https:\/\/www.pascalcatel.com\/photos\/?cat=2\" rel=\"category\">Voyages<\/a>\t\t<\/span>\n\t<\/div><!-- .entry-taxonomies -->\n\t<h2 class=\"entry-title\"><a href=\"https:\/\/www.pascalcatel.com\/photos\/?p=21006\" rel=\"bookmark\">OSAKA 2025<\/a><\/h2><\/header><!-- .entry-header -->\n\t<div class=\"entry-summary\">\n\t\t<p>Ce contenu n\u2019est accessible qu\u2019aux membres du site. Si vous \u00eates inscrit, veuillez vous connecter. Les nouveaux utilisateurs peuvent s&rsquo;inscrire ci-dessous.Connexion pour les utilisateurs enregistr\u00e9sIdentifiant ou e-mailMot de passe&nbsp;Se souvenir de moi&nbsp;&nbsp;Nouvel utilisateur\u00a0?Choisissez un Nom d\u2019utilisateur*Pr\u00e9nom*Nom*Adresse 1*Compl\u00e9ment d\u2019adresseVille*\u00c9tat*Code postal*Pays*T\u00e9l\u00e9phone professionnel*Courriel**Champ requis<\/p>\n\t<\/div><!-- .entry-summary -->\n\t<footer class=\"entry-footer\">\n\t\t\t<div class=\"entry-actions\">\n\t\t\t<p class=\"more-link-wrap\">\n\t\t\t\t<a href=\"https:\/\/www.pascalcatel.com\/photos\/?p=21006\" class=\"post-more-link\">\n\t\t\t\t\tLire la suite<span class=\"screen-reader-text\"> OSAKA 2025<\/span><span class=\"kadence-svg-iconset svg-baseline\"><svg aria-hidden=\"true\" class=\"kadence-svg-icon kadence-arrow-right-alt-svg\" fill=\"currentColor\" version=\"1.1\" xmlns=\"http:\/\/www.w3.org\/2000\/svg\" width=\"27\" height=\"28\" viewBox=\"0 0 27 28\"><title>Continuer<\/title><path d=\"M27 13.953c0 0.141-0.063 0.281-0.156 0.375l-6 5.531c-0.156 0.141-0.359 0.172-0.547 0.094-0.172-0.078-0.297-0.25-0.297-0.453v-3.5h-19.5c-0.281 0-0.5-0.219-0.5-0.5v-3c0-0.281 0.219-0.5 0.5-0.5h19.5v-3.5c0-0.203 0.109-0.375 0.297-0.453s0.391-0.047 0.547 0.078l6 5.469c0.094 0.094 0.156 0.219 0.156 0.359v0z\"><\/path>\n\t\t\t<\/svg><\/span>\t\t\t\t<\/a>\n\t\t\t<\/p>\n\t\t<\/div><!-- .entry-actions -->\n\t\t<\/footer><!-- .entry-footer -->\t\t<\/div>\n\t<\/article>\n<\/li>\n<li class=\"kb-post-list-item\">\n\t<article class=\"entry content-bg loop-entry post-20941 post type-post status-publish format-standard has-post-thumbnail hentry category-voyages tag-japon\">\n\t\t\t\t<a aria-hidden=\"true\" tabindex=\"-1\" role=\"presentation\" class=\"post-thumbnail kadence-thumbnail-ratio-2-3\" href=\"https:\/\/www.pascalcatel.com\/photos\/?p=20941\" aria-label=\"KYOTO 2025\">\n\t\t\t<div class=\"post-thumbnail-inner\">\n\t\t\t\t<img loading=\"lazy\" decoding=\"async\" width=\"640\" height=\"853\" src=\"https:\/\/www.pascalcatel.com\/photos\/wp-content\/uploads\/20251023_110408-768x1024.jpg\" class=\"attachment-medium_large size-medium_large wp-post-image\" alt=\"KYOTO 2025\" srcset=\"https:\/\/www.pascalcatel.com\/photos\/wp-content\/uploads\/20251023_110408-768x1024.jpg 768w, https:\/\/www.pascalcatel.com\/photos\/wp-content\/uploads\/20251023_110408-225x300.jpg 225w, https:\/\/www.pascalcatel.com\/photos\/wp-content\/uploads\/20251023_110408-1152x1536.jpg 1152w, https:\/\/www.pascalcatel.com\/photos\/wp-content\/uploads\/20251023_110408-rotated.jpg 1500w\" sizes=\"auto, (max-width: 640px) 100vw, 640px\" \/>\t\t\t<\/div>\n\t\t<\/a><!-- .post-thumbnail -->\n\t\t\t\t<div class=\"entry-content-wrap\">\n\t\t\t<header class=\"entry-header\">\n\t\t<div class=\"entry-taxonomies\">\n\t\t<span class=\"category-links term-links category-style-normal\">\n\t\t\t<a href=\"https:\/\/www.pascalcatel.com\/photos\/?cat=2\" rel=\"category\">Voyages<\/a>\t\t<\/span>\n\t<\/div><!-- .entry-taxonomies -->\n\t<h2 class=\"entry-title\"><a href=\"https:\/\/www.pascalcatel.com\/photos\/?p=20941\" rel=\"bookmark\">KYOTO 2025<\/a><\/h2><\/header><!-- .entry-header -->\n\t<div class=\"entry-summary\">\n\t\t<p>Ce contenu n\u2019est accessible qu\u2019aux membres du site. Si vous \u00eates inscrit, veuillez vous connecter. Les nouveaux utilisateurs peuvent s&rsquo;inscrire ci-dessous.Connexion pour les utilisateurs enregistr\u00e9sIdentifiant ou e-mailMot de passe&nbsp;Se souvenir de moi&nbsp;&nbsp;Nouvel utilisateur\u00a0?Choisissez un Nom d\u2019utilisateur*Pr\u00e9nom*Nom*Adresse 1*Compl\u00e9ment d\u2019adresseVille*\u00c9tat*Code postal*Pays*T\u00e9l\u00e9phone professionnel*Courriel**Champ requis<\/p>\n\t<\/div><!-- .entry-summary -->\n\t<footer class=\"entry-footer\">\n\t\t\t<div class=\"entry-actions\">\n\t\t\t<p class=\"more-link-wrap\">\n\t\t\t\t<a href=\"https:\/\/www.pascalcatel.com\/photos\/?p=20941\" class=\"post-more-link\">\n\t\t\t\t\tLire la suite<span class=\"screen-reader-text\"> KYOTO 2025<\/span><span class=\"kadence-svg-iconset svg-baseline\"><svg aria-hidden=\"true\" class=\"kadence-svg-icon kadence-arrow-right-alt-svg\" fill=\"currentColor\" version=\"1.1\" xmlns=\"http:\/\/www.w3.org\/2000\/svg\" width=\"27\" height=\"28\" viewBox=\"0 0 27 28\"><title>Continuer<\/title><path d=\"M27 13.953c0 0.141-0.063 0.281-0.156 0.375l-6 5.531c-0.156 0.141-0.359 0.172-0.547 0.094-0.172-0.078-0.297-0.25-0.297-0.453v-3.5h-19.5c-0.281 0-0.5-0.219-0.5-0.5v-3c0-0.281 0.219-0.5 0.5-0.5h19.5v-3.5c0-0.203 0.109-0.375 0.297-0.453s0.391-0.047 0.547 0.078l6 5.469c0.094 0.094 0.156 0.219 0.156 0.359v0z\"><\/path>\n\t\t\t<\/svg><\/span>\t\t\t\t<\/a>\n\t\t\t<\/p>\n\t\t<\/div><!-- .entry-actions -->\n\t\t<\/footer><!-- .entry-footer -->\t\t<\/div>\n\t<\/article>\n<\/li>\n<li class=\"kb-post-list-item\">\n\t<article class=\"entry content-bg loop-entry post-20676 post type-post status-publish format-standard has-post-thumbnail hentry category-voyages tag-japon\">\n\t\t\t\t<a aria-hidden=\"true\" tabindex=\"-1\" role=\"presentation\" class=\"post-thumbnail kadence-thumbnail-ratio-2-3\" href=\"https:\/\/www.pascalcatel.com\/photos\/?p=20676\" aria-label=\"HIROSHIMA 2025\">\n\t\t\t<div class=\"post-thumbnail-inner\">\n\t\t\t\t<img loading=\"lazy\" decoding=\"async\" width=\"640\" height=\"480\" src=\"https:\/\/www.pascalcatel.com\/photos\/wp-content\/uploads\/20251017_113100-768x576.jpg\" class=\"attachment-medium_large size-medium_large wp-post-image\" alt=\"HIROSHIMA 2025\" srcset=\"https:\/\/www.pascalcatel.com\/photos\/wp-content\/uploads\/20251017_113100-768x576.jpg 768w, https:\/\/www.pascalcatel.com\/photos\/wp-content\/uploads\/20251017_113100-300x225.jpg 300w, https:\/\/www.pascalcatel.com\/photos\/wp-content\/uploads\/20251017_113100-1024x768.jpg 1024w, https:\/\/www.pascalcatel.com\/photos\/wp-content\/uploads\/20251017_113100-1536x1152.jpg 1536w, https:\/\/www.pascalcatel.com\/photos\/wp-content\/uploads\/20251017_113100-rotated.jpg 2000w\" sizes=\"auto, (max-width: 640px) 100vw, 640px\" \/>\t\t\t<\/div>\n\t\t<\/a><!-- .post-thumbnail -->\n\t\t\t\t<div class=\"entry-content-wrap\">\n\t\t\t<header class=\"entry-header\">\n\t\t<div class=\"entry-taxonomies\">\n\t\t<span class=\"category-links term-links category-style-normal\">\n\t\t\t<a href=\"https:\/\/www.pascalcatel.com\/photos\/?cat=2\" rel=\"category\">Voyages<\/a>\t\t<\/span>\n\t<\/div><!-- .entry-taxonomies -->\n\t<h2 class=\"entry-title\"><a href=\"https:\/\/www.pascalcatel.com\/photos\/?p=20676\" rel=\"bookmark\">HIROSHIMA 2025<\/a><\/h2><\/header><!-- .entry-header -->\n\t<div class=\"entry-summary\">\n\t\t<p>Ce contenu n\u2019est accessible qu\u2019aux membres du site. Si vous \u00eates inscrit, veuillez vous connecter. Les nouveaux utilisateurs peuvent s&rsquo;inscrire ci-dessous.Connexion pour les utilisateurs enregistr\u00e9sIdentifiant ou e-mailMot de passe&nbsp;Se souvenir de moi&nbsp;&nbsp;Nouvel utilisateur\u00a0?Choisissez un Nom d\u2019utilisateur*Pr\u00e9nom*Nom*Adresse 1*Compl\u00e9ment d\u2019adresseVille*\u00c9tat*Code postal*Pays*T\u00e9l\u00e9phone professionnel*Courriel**Champ requis<\/p>\n\t<\/div><!-- .entry-summary -->\n\t<footer class=\"entry-footer\">\n\t\t\t<div class=\"entry-actions\">\n\t\t\t<p class=\"more-link-wrap\">\n\t\t\t\t<a href=\"https:\/\/www.pascalcatel.com\/photos\/?p=20676\" class=\"post-more-link\">\n\t\t\t\t\tLire la suite<span class=\"screen-reader-text\"> HIROSHIMA 2025<\/span><span class=\"kadence-svg-iconset svg-baseline\"><svg aria-hidden=\"true\" class=\"kadence-svg-icon kadence-arrow-right-alt-svg\" fill=\"currentColor\" version=\"1.1\" xmlns=\"http:\/\/www.w3.org\/2000\/svg\" width=\"27\" height=\"28\" viewBox=\"0 0 27 28\"><title>Continuer<\/title><path d=\"M27 13.953c0 0.141-0.063 0.281-0.156 0.375l-6 5.531c-0.156 0.141-0.359 0.172-0.547 0.094-0.172-0.078-0.297-0.25-0.297-0.453v-3.5h-19.5c-0.281 0-0.5-0.219-0.5-0.5v-3c0-0.281 0.219-0.5 0.5-0.5h19.5v-3.5c0-0.203 0.109-0.375 0.297-0.453s0.391-0.047 0.547 0.078l6 5.469c0.094 0.094 0.156 0.219 0.156 0.359v0z\"><\/path>\n\t\t\t<\/svg><\/span>\t\t\t\t<\/a>\n\t\t\t<\/p>\n\t\t<\/div><!-- .entry-actions -->\n\t\t<\/footer><!-- .entry-footer -->\t\t<\/div>\n\t<\/article>\n<\/li>\n<\/ul>\n\n\n<h2 class=\"wp-block-heading\">Vid\u00e9os<\/h2>\n\n\n<div class=\"wp-block-aiovg-categories\">\r\n<div id=\"aiovg-69dc0010501591\" class=\"aiovg aiovg-categories aiovg-categories-template-grid\">\r\n        \r\n    <div class=\"aiovg-section-categories aiovg-grid aiovg-row\">\r\n                    \r\n            <div class=\"aiovg-item-category aiovg-item-category-11 aiovg-col aiovg-col-3 aiovg-col-xs-2\" data-id=\"11\">\t\t\r\n                \n<div class=\"aiovg-thumbnail\">\n    <a href=\"https:\/\/www.pascalcatel.com\/photos\/?page_id=21341&#038;aiovg_category=hiroshima\" class=\"aiovg-responsive-container\" style=\"padding-bottom: 56.25%;\"><img decoding=\"async\" src=\"https:\/\/www.pascalcatel.com\/photos\/wp-content\/plugins\/all-in-one-video-gallery\/public\/assets\/images\/placeholder-image.png\" alt=\"Hiroshima\" class=\"aiovg-responsive-element\"\/><\/a>    \n    <div class=\"aiovg-caption\">\n        <div class=\"aiovg-title\">\n            <a href=\"https:\/\/www.pascalcatel.com\/photos\/?page_id=21341&#038;aiovg_category=hiroshima\" class=\"aiovg-link-title\">\n                Hiroshima            <\/a>\n        <\/div>        \n\n                    <div class=\"aiovg-count aiovg-flex aiovg-gap-1 aiovg-items-center aiovg-text-muted aiovg-text-small\">\n                <svg xmlns=\"http:\/\/www.w3.org\/2000\/svg\" fill=\"none\" width=\"16\" height=\"16\" viewBox=\"0 0 24 24\" stroke-width=\"1.5\" stroke=\"currentColor\" class=\"aiovg-flex-shrink-0\">\n                    <path stroke-linecap=\"round\" stroke-linejoin=\"round\" d=\"M21 12a9 9 0 1 1-18 0 9 9 0 0 1 18 0Z\" \/>\n                    <path stroke-linecap=\"round\" stroke-linejoin=\"round\" d=\"M15.91 11.672a.375.375 0 0 1 0 .656l-5.603 3.113a.375.375 0 0 1-.557-.328V8.887c0-.286.307-.466.557-.327l5.603 3.112Z\" \/>\n                <\/svg>\n                8 videos            <\/div>\n         \n        \n            <\/div>            \t\t\t\n<\/div>\t\t\r\n            <\/div> \r\n                    \r\n            <div class=\"aiovg-item-category aiovg-item-category-14 aiovg-col aiovg-col-3 aiovg-col-xs-2\" data-id=\"14\">\t\t\r\n                \n<div class=\"aiovg-thumbnail\">\n    <a href=\"https:\/\/www.pascalcatel.com\/photos\/?page_id=21341&#038;aiovg_category=kyoto\" class=\"aiovg-responsive-container\" style=\"padding-bottom: 56.25%;\"><img decoding=\"async\" src=\"https:\/\/www.pascalcatel.com\/photos\/wp-content\/plugins\/all-in-one-video-gallery\/public\/assets\/images\/placeholder-image.png\" alt=\"Kyoto\" class=\"aiovg-responsive-element\"\/><\/a>    \n    <div class=\"aiovg-caption\">\n        <div class=\"aiovg-title\">\n            <a href=\"https:\/\/www.pascalcatel.com\/photos\/?page_id=21341&#038;aiovg_category=kyoto\" class=\"aiovg-link-title\">\n                Kyoto            <\/a>\n        <\/div>        \n\n                    <div class=\"aiovg-count aiovg-flex aiovg-gap-1 aiovg-items-center aiovg-text-muted aiovg-text-small\">\n                <svg xmlns=\"http:\/\/www.w3.org\/2000\/svg\" fill=\"none\" width=\"16\" height=\"16\" viewBox=\"0 0 24 24\" stroke-width=\"1.5\" stroke=\"currentColor\" class=\"aiovg-flex-shrink-0\">\n                    <path stroke-linecap=\"round\" stroke-linejoin=\"round\" d=\"M21 12a9 9 0 1 1-18 0 9 9 0 0 1 18 0Z\" \/>\n                    <path stroke-linecap=\"round\" stroke-linejoin=\"round\" d=\"M15.91 11.672a.375.375 0 0 1 0 .656l-5.603 3.113a.375.375 0 0 1-.557-.328V8.887c0-.286.307-.466.557-.327l5.603 3.112Z\" \/>\n                <\/svg>\n                21 videos            <\/div>\n         \n        \n            <\/div>            \t\t\t\n<\/div>\t\t\r\n            <\/div> \r\n                    \r\n            <div class=\"aiovg-item-category aiovg-item-category-12 aiovg-col aiovg-col-3 aiovg-col-xs-2\" data-id=\"12\">\t\t\r\n                \n<div class=\"aiovg-thumbnail\">\n    <a href=\"https:\/\/www.pascalcatel.com\/photos\/?page_id=21341&#038;aiovg_category=osaka\" class=\"aiovg-responsive-container\" style=\"padding-bottom: 56.25%;\"><img decoding=\"async\" src=\"https:\/\/www.pascalcatel.com\/photos\/wp-content\/plugins\/all-in-one-video-gallery\/public\/assets\/images\/placeholder-image.png\" alt=\"Osaka\" class=\"aiovg-responsive-element\"\/><\/a>    \n    <div class=\"aiovg-caption\">\n        <div class=\"aiovg-title\">\n            <a href=\"https:\/\/www.pascalcatel.com\/photos\/?page_id=21341&#038;aiovg_category=osaka\" class=\"aiovg-link-title\">\n                Osaka            <\/a>\n        <\/div>        \n\n                    <div class=\"aiovg-count aiovg-flex aiovg-gap-1 aiovg-items-center aiovg-text-muted aiovg-text-small\">\n                <svg xmlns=\"http:\/\/www.w3.org\/2000\/svg\" fill=\"none\" width=\"16\" height=\"16\" viewBox=\"0 0 24 24\" stroke-width=\"1.5\" stroke=\"currentColor\" class=\"aiovg-flex-shrink-0\">\n                    <path stroke-linecap=\"round\" stroke-linejoin=\"round\" d=\"M21 12a9 9 0 1 1-18 0 9 9 0 0 1 18 0Z\" \/>\n                    <path stroke-linecap=\"round\" stroke-linejoin=\"round\" d=\"M15.91 11.672a.375.375 0 0 1 0 .656l-5.603 3.113a.375.375 0 0 1-.557-.328V8.887c0-.286.307-.466.557-.327l5.603 3.112Z\" \/>\n                <\/svg>\n                5 videos            <\/div>\n         \n        \n            <\/div>            \t\t\t\n<\/div>\t\t\r\n            <\/div> \r\n                    \r\n            <div class=\"aiovg-item-category aiovg-item-category-13 aiovg-col aiovg-col-3 aiovg-col-xs-2\" data-id=\"13\">\t\t\r\n                \n<div class=\"aiovg-thumbnail\">\n    <a href=\"https:\/\/www.pascalcatel.com\/photos\/?page_id=21341&#038;aiovg_category=tokyo\" class=\"aiovg-responsive-container\" style=\"padding-bottom: 56.25%;\"><img decoding=\"async\" src=\"https:\/\/www.pascalcatel.com\/photos\/wp-content\/plugins\/all-in-one-video-gallery\/public\/assets\/images\/placeholder-image.png\" alt=\"Tokyo\" class=\"aiovg-responsive-element\"\/><\/a>    \n    <div class=\"aiovg-caption\">\n        <div class=\"aiovg-title\">\n            <a href=\"https:\/\/www.pascalcatel.com\/photos\/?page_id=21341&#038;aiovg_category=tokyo\" class=\"aiovg-link-title\">\n                Tokyo            <\/a>\n        <\/div>        \n\n                    <div class=\"aiovg-count aiovg-flex aiovg-gap-1 aiovg-items-center aiovg-text-muted aiovg-text-small\">\n                <svg xmlns=\"http:\/\/www.w3.org\/2000\/svg\" fill=\"none\" width=\"16\" height=\"16\" viewBox=\"0 0 24 24\" stroke-width=\"1.5\" stroke=\"currentColor\" class=\"aiovg-flex-shrink-0\">\n                    <path stroke-linecap=\"round\" stroke-linejoin=\"round\" d=\"M21 12a9 9 0 1 1-18 0 9 9 0 0 1 18 0Z\" \/>\n                    <path stroke-linecap=\"round\" stroke-linejoin=\"round\" d=\"M15.91 11.672a.375.375 0 0 1 0 .656l-5.603 3.113a.375.375 0 0 1-.557-.328V8.887c0-.286.307-.466.557-.327l5.603 3.112Z\" \/>\n                <\/svg>\n                53 videos            <\/div>\n         \n        \n            <\/div>            \t\t\t\n<\/div>\t\t\r\n            <\/div> \r\n            <\/div>\r\n\r\n    <\/div><\/div>","protected":false},"excerpt":{"rendered":"<p>Vid\u00e9os<\/p>\n","protected":false},"author":1,"featured_media":0,"parent":0,"menu_order":0,"comment_status":"closed","ping_status":"closed","template":"","meta":{"ngg_post_thumbnail":0,"footnotes":""},"class_list":["post-21371","page","type-page","status-publish","hentry"],"_links":{"self":[{"href":"https:\/\/www.pascalcatel.com\/photos\/index.php?rest_route=\/wp\/v2\/pages\/21371","targetHints":{"allow":["GET"]}}],"collection":[{"href":"https:\/\/www.pascalcatel.com\/photos\/index.php?rest_route=\/wp\/v2\/pages"}],"about":[{"href":"https:\/\/www.pascalcatel.com\/photos\/index.php?rest_route=\/wp\/v2\/types\/page"}],"author":[{"embeddable":true,"href":"https:\/\/www.pascalcatel.com\/photos\/index.php?rest_route=\/wp\/v2\/users\/1"}],"replies":[{"embeddable":true,"href":"https:\/\/www.pascalcatel.com\/photos\/index.php?rest_route=%2Fwp%2Fv2%2Fcomments&post=21371"}],"version-history":[{"count":7,"href":"https:\/\/www.pascalcatel.com\/photos\/index.php?rest_route=\/wp\/v2\/pages\/21371\/revisions"}],"predecessor-version":[{"id":21492,"href":"https:\/\/www.pascalcatel.com\/photos\/index.php?rest_route=\/wp\/v2\/pages\/21371\/revisions\/21492"}],"wp:attachment":[{"href":"https:\/\/www.pascalcatel.com\/photos\/index.php?rest_route=%2Fwp%2Fv2%2Fmedia&parent=21371"}],"curies":[{"name":"wp","href":"https:\/\/api.w.org\/{rel}","templated":true}]}}